{"id":16,"date":"2015-08-18T12:51:26","date_gmt":"2015-08-18T10:51:26","guid":{"rendered":"http:\/\/lionsexpert.pl\/?page_id=16"},"modified":"2023-06-24T15:45:57","modified_gmt":"2023-06-24T13:45:57","slug":"o-nas","status":"publish","type":"page","link":"https:\/\/lionsexpert.pl\/de\/","title":{"rendered":"O nas"},"content":{"rendered":"<h2>Po\u015brednik nieruchomo\u015bci z wieloletnim do\u015bwiadczeniem. Z nami kupisz, sprzeda\u017c lub wynajmiesz nieruchomo\u015b\u0107.<\/h2>\n","protected":false},"excerpt":{"rendered":"<p>Po\u015brednik nieruchomo\u015bci z wieloletnim do\u015bwiadczeniem. Z nami kupisz, sprzeda\u017c lub wynajmiesz nieruchomo\u015b\u0107.<\/p>\n","protected":false},"author":1,"featured_media":0,"parent":0,"menu_order":0,"comment_status":"closed","ping_status":"closed","template":"parent.php","meta":{"_monsterinsights_skip_tracking":false,"_monsterinsights_sitenote_active":false,"_monsterinsights_sitenote_note":"","_monsterinsights_sitenote_category":0},"aioseo_notices":[],"_links":{"self":[{"href":"https:\/\/lionsexpert.pl\/de\/wp-json\/wp\/v2\/pages\/16"}],"collection":[{"href":"https:\/\/lionsexpert.pl\/de\/wp-json\/wp\/v2\/pages"}],"about":[{"href":"https:\/\/lionsexpert.pl\/de\/wp-json\/wp\/v2\/types\/page"}],"author":[{"embeddable":true,"href":"https:\/\/lionsexpert.pl\/de\/wp-json\/wp\/v2\/users\/1"}],"replies":[{"embeddable":true,"href":"https:\/\/lionsexpert.pl\/de\/wp-json\/wp\/v2\/comments?post=16"}],"version-history":[{"count":14,"href":"https:\/\/lionsexpert.pl\/de\/wp-json\/wp\/v2\/pages\/16\/revisions"}],"predecessor-version":[{"id":4881,"href":"https:\/\/lionsexpert.pl\/de\/wp-json\/wp\/v2\/pages\/16\/revisions\/4881"}],"wp:attachment":[{"href":"https:\/\/lionsexpert.pl\/de\/wp-json\/wp\/v2\/media?parent=16"}],"curies":[{"name":"wp","href":"https:\/\/api.w.org\/{rel}","templated":true}]}}