{"id":21,"date":"2015-08-18T12:52:47","date_gmt":"2015-08-18T10:52:47","guid":{"rendered":"http:\/\/lionsexpert.pl\/?page_id=21"},"modified":"2025-01-30T12:44:56","modified_gmt":"2025-01-30T11:44:56","slug":"kontakt","status":"publish","type":"page","link":"https:\/\/lionsexpert.pl\/en\/kontakt\/","title":{"rendered":"Kontakt"},"content":{"rendered":"<p>Zapraszamy do kontaktu +48 791 149 782. Indywidualne i przyjazne podej\u015bcie do Klienta. Sprawd\u017a opinie o Nas.<\/p>\n<p><a title=\"Kontakt do Nas\" href=\"https:\/\/lionsexpert.pl\/kontakt\/\">Kontakt do Nas<\/a><\/p>\n<p><a title=\"Zobacz kana\u0142 na Youtube\" href=\"https:\/\/www.youtube.com\/channel\/UCQ0uf91XmEcBdvvgsfqEG6A\" target=\"_blank\" rel=\"noopener\">Zobacz kana\u0142 na Youtube<\/a><\/p>","protected":false},"excerpt":{"rendered":"<p>Zapraszamy do kontaktu +48 791 149 782. Indywidualne i przyjazne podej\u015bcie do Klienta. Sprawd\u017a opinie o Nas. Kontakt do Nas Zobacz kana\u0142 na Youtube<\/p>\n","protected":false},"author":1,"featured_media":0,"parent":0,"menu_order":0,"comment_status":"closed","ping_status":"closed","template":"parent.php","meta":{"_monsterinsights_skip_tracking":false,"_monsterinsights_sitenote_active":false,"_monsterinsights_sitenote_note":"","_monsterinsights_sitenote_category":0},"aioseo_notices":[],"_links":{"self":[{"href":"https:\/\/lionsexpert.pl\/en\/wp-json\/wp\/v2\/pages\/21"}],"collection":[{"href":"https:\/\/lionsexpert.pl\/en\/wp-json\/wp\/v2\/pages"}],"about":[{"href":"https:\/\/lionsexpert.pl\/en\/wp-json\/wp\/v2\/types\/page"}],"author":[{"embeddable":true,"href":"https:\/\/lionsexpert.pl\/en\/wp-json\/wp\/v2\/users\/1"}],"replies":[{"embeddable":true,"href":"https:\/\/lionsexpert.pl\/en\/wp-json\/wp\/v2\/comments?post=21"}],"version-history":[{"count":40,"href":"https:\/\/lionsexpert.pl\/en\/wp-json\/wp\/v2\/pages\/21\/revisions"}],"predecessor-version":[{"id":4920,"href":"https:\/\/lionsexpert.pl\/en\/wp-json\/wp\/v2\/pages\/21\/revisions\/4920"}],"wp:attachment":[{"href":"https:\/\/lionsexpert.pl\/en\/wp-json\/wp\/v2\/media?parent=21"}],"curies":[{"name":"wp","href":"https:\/\/api.w.org\/{rel}","templated":true}]}}